{"id":20,"date":"2024-09-27T16:30:48","date_gmt":"2024-09-27T21:30:48","guid":{"rendered":"https:\/\/click2action.com.co\/lamejoresquina\/?page_id=20"},"modified":"2024-10-15T15:56:36","modified_gmt":"2024-10-15T20:56:36","slug":"ubicacion","status":"publish","type":"page","link":"https:\/\/lamejoresquina.com\/index.php\/ubicacion\/","title":{"rendered":"Ubicaci\u00f3n"},"content":{"rendered":"\t\t<div data-elementor-type=\"wp-page\" data-elementor-id=\"20\" class=\"elementor elementor-20\" data-elementor-post-type=\"page\">\n\t\t\t\t<div class=\"elementor-element elementor-element-7eb9e28 e-flex e-con-boxed e-con e-parent\" data-id=\"7eb9e28\" data-element_type=\"container\" data-settings=\"{&quot;background_background&quot;:&quot;classic&quot;,&quot;_ha_eqh_enable&quot;:false}\">\n\t\t\t\t\t<div class=\"e-con-inner\">\n\t\t<div class=\"elementor-element elementor-element-9c57772 e-con-full e-flex e-con e-child\" data-id=\"9c57772\" data-element_type=\"container\" data-settings=\"{&quot;background_background&quot;:&quot;classic&quot;,&quot;_ha_eqh_enable&quot;:false}\">\n\t\t\t\t<div class=\"elementor-element elementor-element-557d8d6 elementor-widget elementor-widget-heading\" data-id=\"557d8d6\" data-element_type=\"widget\" data-widget_type=\"heading.default\">\n\t\t\t\t<div class=\"elementor-widget-container\">\n\t\t\t<h2 class=\"elementor-heading-title elementor-size-default\">Ubicaci\u00f3n<\/h2>\t\t<\/div>\n\t\t\t\t<\/div>\n\t\t\t\t<\/div>\n\t\t\t\t\t<\/div>\n\t\t\t\t<\/div>\n\t\t<div class=\"elementor-element elementor-element-1f0c020 e-flex e-con-boxed e-con e-parent\" data-id=\"1f0c020\" data-element_type=\"container\" data-settings=\"{&quot;_ha_eqh_enable&quot;:false}\">\n\t\t\t\t\t<div class=\"e-con-inner\">\n\t\t\t\t<div class=\"elementor-element elementor-element-b70b2d6 elementor-widget elementor-widget-heading\" data-id=\"b70b2d6\" data-element_type=\"widget\" data-widget_type=\"heading.default\">\n\t\t\t\t<div class=\"elementor-widget-container\">\n\t\t\t<h2 class=\"elementor-heading-title elementor-size-default\">M\u00e1s cerca de los centros productivos<\/h2>\t\t<\/div>\n\t\t\t\t<\/div>\n\t\t\t\t<div class=\"elementor-element elementor-element-9a9b99d elementor-widget elementor-widget-text-editor\" data-id=\"9a9b99d\" data-element_type=\"widget\" data-widget_type=\"text-editor.default\">\n\t\t\t\t<div class=\"elementor-widget-container\">\n\t\t\t\t\t\t\t<p>La Mejor Esquina, Zona Industrial, se encuentra estrat\u00e9gicamente en el Urab\u00e1 Antioque\u00f1o, en el epicentro del desarrollo portuario y vial de la regi\u00f3n. A solo 34 km de Puerto Antioquia y 6 km del futuro Puerto Pisis\u00ed, con acceso directo a la v\u00eda nacional.<\/p>\t\t\t\t\t\t<\/div>\n\t\t\t\t<\/div>\n\t\t\t\t\t<\/div>\n\t\t\t\t<\/div>\n\t\t<div class=\"elementor-element elementor-element-9c5d4f3 e-flex e-con-boxed e-con e-parent\" data-id=\"9c5d4f3\" data-element_type=\"container\" data-settings=\"{&quot;_ha_eqh_enable&quot;:false}\">\n\t\t\t\t\t<div class=\"e-con-inner\">\n\t\t\t\t<div class=\"elementor-element elementor-element-e11719a elementor-align-center elementor-widget elementor-widget-lottie\" data-id=\"e11719a\" data-element_type=\"widget\" data-settings=\"{&quot;source_json&quot;:{&quot;url&quot;:&quot;http:\\\/\\\/lamejoresquina.com\\\/wp-content\\\/uploads\\\/2024\\\/10\\\/mapa.json&quot;,&quot;id&quot;:417,&quot;size&quot;:&quot;&quot;,&quot;alt&quot;:&quot;&quot;,&quot;source&quot;:&quot;library&quot;},&quot;loop&quot;:&quot;yes&quot;,&quot;source&quot;:&quot;media_file&quot;,&quot;caption_source&quot;:&quot;none&quot;,&quot;link_to&quot;:&quot;none&quot;,&quot;trigger&quot;:&quot;arriving_to_viewport&quot;,&quot;viewport&quot;:{&quot;unit&quot;:&quot;%&quot;,&quot;size&quot;:&quot;&quot;,&quot;sizes&quot;:{&quot;start&quot;:0,&quot;end&quot;:100}},&quot;play_speed&quot;:{&quot;unit&quot;:&quot;px&quot;,&quot;size&quot;:1,&quot;sizes&quot;:[]},&quot;start_point&quot;:{&quot;unit&quot;:&quot;%&quot;,&quot;size&quot;:0,&quot;sizes&quot;:[]},&quot;end_point&quot;:{&quot;unit&quot;:&quot;%&quot;,&quot;size&quot;:100,&quot;sizes&quot;:[]},&quot;renderer&quot;:&quot;svg&quot;}\" data-widget_type=\"lottie.default\">\n\t\t\t\t<div class=\"elementor-widget-container\">\n\t\t\t<div class=\"e-lottie__container\"><div class=\"e-lottie__animation\"><\/div><\/div>\t\t<\/div>\n\t\t\t\t<\/div>\n\t\t\t\t\t<\/div>\n\t\t\t\t<\/div>\n\t\t<div class=\"elementor-element elementor-element-313220a e-flex e-con-boxed e-con e-parent\" data-id=\"313220a\" data-element_type=\"container\" data-settings=\"{&quot;_ha_eqh_enable&quot;:false}\">\n\t\t\t\t\t<div class=\"e-con-inner\">\n\t\t\t\t<div class=\"elementor-element elementor-element-f36aad1 elementor-widget elementor-widget-image\" data-id=\"f36aad1\" data-element_type=\"widget\" data-widget_type=\"image.default\">\n\t\t\t\t<div class=\"elementor-widget-container\">\n\t\t\t\t\t\t\t\t\t\t\t\t\t<img fetchpriority=\"high\" decoding=\"async\" width=\"768\" height=\"548\" src=\"https:\/\/lamejoresquina.com\/wp-content\/uploads\/2024\/10\/EL-TRES-PROYECTO-esquema-jardines-de-colina-1-1-768x548.png\" class=\"attachment-medium_large size-medium_large wp-image-279\" alt=\"\" srcset=\"https:\/\/lamejoresquina.com\/wp-content\/uploads\/2024\/10\/EL-TRES-PROYECTO-esquema-jardines-de-colina-1-1-768x548.png 768w, https:\/\/lamejoresquina.com\/wp-content\/uploads\/2024\/10\/EL-TRES-PROYECTO-esquema-jardines-de-colina-1-1-300x214.png 300w, https:\/\/lamejoresquina.com\/wp-content\/uploads\/2024\/10\/EL-TRES-PROYECTO-esquema-jardines-de-colina-1-1-1024x731.png 1024w, https:\/\/lamejoresquina.com\/wp-content\/uploads\/2024\/10\/EL-TRES-PROYECTO-esquema-jardines-de-colina-1-1.png 1508w\" sizes=\"(max-width: 768px) 100vw, 768px\" \/>\t\t\t\t\t\t\t\t\t\t\t\t\t<\/div>\n\t\t\t\t<\/div>\n\t\t\t\t<div class=\"elementor-element elementor-element-8887569 elementor-align-center elementor-widget elementor-widget-button\" data-id=\"8887569\" data-element_type=\"widget\" data-widget_type=\"button.default\">\n\t\t\t\t<div class=\"elementor-widget-container\">\n\t\t\t\t\t\t\t<div class=\"elementor-button-wrapper\">\n\t\t\t\t\t<a class=\"elementor-button elementor-button-link elementor-size-sm\" href=\"https:\/\/maps.app.goo.gl\/6yCW1CUXAm1noCiY8\" target=\"_blank\" rel=\"nofollow\">\n\t\t\t\t\t\t<span class=\"elementor-button-content-wrapper\">\n\t\t\t\t\t\t\t\t\t<span class=\"elementor-button-text\">VISITA NUESTRA UBICACI\u00d3N<\/span>\n\t\t\t\t\t<\/span>\n\t\t\t\t\t<\/a>\n\t\t\t\t<\/div>\n\t\t\t\t\t\t<\/div>\n\t\t\t\t<\/div>\n\t\t\t\t\t<\/div>\n\t\t\t\t<\/div>\n\t\t\t\t<\/div>\n\t\t","protected":false},"excerpt":{"rendered":"<p>Ubicaci\u00f3n M\u00e1s cerca de los centros productivos La Mejor Esquina, Zona Industrial, se encuentra estrat\u00e9gicamente en el Urab\u00e1 Antioque\u00f1o, en el epicentro del desarrollo portuario y vial de la regi\u00f3n. A solo 34 km de Puerto Antioquia y 6 km del futuro Puerto Pisis\u00ed, con acceso directo a la v\u00eda nacional. VISITA NUESTRA UBICACI\u00d3N<\/p>\n","protected":false},"author":1,"featured_media":0,"parent":0,"menu_order":0,"comment_status":"closed","ping_status":"closed","template":"","meta":{"footnotes":""},"class_list":["post-20","page","type-page","status-publish","hentry"],"_links":{"self":[{"href":"https:\/\/lamejoresquina.com\/index.php\/wp-json\/wp\/v2\/pages\/20","targetHints":{"allow":["GET"]}}],"collection":[{"href":"https:\/\/lamejoresquina.com\/index.php\/wp-json\/wp\/v2\/pages"}],"about":[{"href":"https:\/\/lamejoresquina.com\/index.php\/wp-json\/wp\/v2\/types\/page"}],"author":[{"embeddable":true,"href":"https:\/\/lamejoresquina.com\/index.php\/wp-json\/wp\/v2\/users\/1"}],"replies":[{"embeddable":true,"href":"https:\/\/lamejoresquina.com\/index.php\/wp-json\/wp\/v2\/comments?post=20"}],"version-history":[{"count":34,"href":"https:\/\/lamejoresquina.com\/index.php\/wp-json\/wp\/v2\/pages\/20\/revisions"}],"predecessor-version":[{"id":546,"href":"https:\/\/lamejoresquina.com\/index.php\/wp-json\/wp\/v2\/pages\/20\/revisions\/546"}],"wp:attachment":[{"href":"https:\/\/lamejoresquina.com\/index.php\/wp-json\/wp\/v2\/media?parent=20"}],"curies":[{"name":"wp","href":"https:\/\/api.w.org\/{rel}","templated":true}]}}